{"id":59,"date":"2022-05-16T20:15:39","date_gmt":"2022-05-16T18:15:39","guid":{"rendered":"http:\/\/naturellebienetre.fr\/?page_id=59"},"modified":"2022-05-26T17:44:59","modified_gmt":"2022-05-26T15:44:59","slug":"formation-entreprise","status":"publish","type":"page","link":"https:\/\/naturellebienetre.fr\/?page_id=59","title":{"rendered":"Formation en entreprise"},"content":{"rendered":"\n<p>50% des salari\u00e9s fran\u00e7ais sont au travail&nbsp;. Trajets et embouteillages, exposition prolong\u00e9e aux&nbsp;\u00e9crans, mais aussi surcharge de travail, dossiers difficiles, travail dans l\u2019urgence, non-dits, \u00e9motions refoul\u00e9es\u2026 nombreuses sont les raisons de stresser au travail.<\/p>\n\n\n\n<p>Cette accumulation de&nbsp;stress&nbsp;entra\u00eene tout un tas de maux physiques et\/ou \u00e9motionnels telles que des&nbsp;&nbsp;tensions, douleurs et blocages. Au fil du temps, ces facteurs emp\u00eachent vos \u00e9quipes d\u2019exprimer leur plein potentiel et de pr\u00e9server leur sant\u00e9 et leur \u00e9panouissement au travail.&nbsp;<\/p>\n\n\n\n<p>En formant vos&nbsp;salari\u00e9s&nbsp;\u00e0 devenir acteurs de leur&nbsp;bien-\u00eatre, ils analyserons les causes qui entra\u00eenent leurs inconforts&nbsp;et pourront agir dessus (fatigue,&nbsp;stress, anxi\u00e9t\u00e9, insomnie,&nbsp;d\u00e9pression, burn out, etc.)<\/p>\n\n\n\n<p>Gr\u00e2ce \u00e0 l\u2019intervention d\u2019un naturopathe&nbsp;en entreprise, vos&nbsp;salari\u00e9s&nbsp;d\u00e9couvriront de nouvelles habitudes de vie et des nouvelles techniques concr\u00e8tes et efficaces pour exploiter leur plein potentiel.&nbsp;<\/p>\n\n\n\n<p>Bien-\u00eatre&nbsp;au travail,&nbsp;motivation&nbsp;renforc\u00e9e, esprit d\u2019\u00e9quipe, performance et motivation, \u00e9nergie et concentration,&nbsp;gestion des \u00e9motions, gestion du stress, alimentation saine et \u00e9nergisante, je vous invite \u00e0 d\u00e9couvrir la&nbsp;naturopathie&nbsp;et ses bienfaits pour vos&nbsp;collaborateurs.<\/p>\n\n\n\n<p class=\"has-text-align-center\"><strong>Mes accompagnements naturopathiques s\u2019adressent \u00e0 tout types d\u2019entreprises.<\/strong><\/p>\n\n\n<div class=\"wp-block-image is-style-rounded\">\n<figure class=\"aligncenter size-large is-resized\"><img loading=\"lazy\" decoding=\"async\" src=\"https:\/\/naturellebienetre.fr\/wp-content\/uploads\/2022\/05\/huile-basilic-1024x768.jpg\" alt=\"\" class=\"wp-image-147\" width=\"548\" height=\"351\"\/><\/figure>\n<\/div>\n\n\n<p class=\"has-large-font-size\"><strong>Ateliers<\/strong>&nbsp;<strong>naturopathie en entreprise&nbsp;&nbsp;en groupe  :<\/strong><\/p>\n\n\n\n<ul class=\"wp-block-list\"><li>\u00a0Gestion du stress\u00a0<\/li><li>Vaincre la fatigue et booster son \u00e9nergie<\/li><li>Se maintenir en forme et augmenter ses performances<\/li><li>L\u00e2cher prise tout en \u00e9tant investi<\/li><li>L\u2019alimentation sant\u00e9 et revitalisante<\/li><li>Booster l\u2019immunit\u00e9 afin de ne plus \u00eatre malade<\/li><li>L\u2019activit\u00e9 physique et la performance au travail<\/li><li>Gestion des \u00e9motions et conseils en Fleurs de Bach<\/li><li>L\u2019aromath\u00e9rapie au travail<\/li><li>Possibilit\u00e9 de th\u00e9matique saisonni\u00e8re\u2026<\/li><\/ul>\n\n\n\n<p>Mes interventions sont propos\u00e9es \u00e0 la carte ou sur-mesure, g\u00e9n\u00e9ralement par groupe de 10 ou 15 personnes maximum, dans vos locaux.<\/p>\n\n\n\n<p class=\"has-large-font-size\">Consultations individuelles de naturopathie pour employ\u00e9s.<\/p>\n\n\n\n<h2 class=\"has-medium-font-size wp-block-heading\">Les bienfaits de la naturopathie pour vos employ\u00e9s :<\/h2>\n\n\n\n<ul class=\"wp-block-list\"><li>D\u00e9couverte d\u2019outils pour favoriser son bien \u00eatre<\/li><li>Moment de partage entre collaborateurs<\/li><li>Prise en main de son capital sant\u00e9<\/li><li>Meilleure gestion du stress et davantage de s\u00e9r\u00e9nit\u00e9<\/li><li>D\u00e9veloppement de la cr\u00e9ativit\u00e9<\/li><li>Am\u00e9lioration de l&#8217;immunit\u00e9 afin de limiter la maladie<\/li><li>Meilleur \u00e9tat d&#8217;esprit et \u00e9panouissement au travail<\/li><\/ul>\n\n\n\n<p><\/p>\n\n\n\n<h2 class=\"has-medium-font-size wp-block-heading\">Les bienfaits de la naturopathie pour votre entreprise :<\/h2>\n\n\n\n<ul class=\"wp-block-list\"><li>Pr\u00e9vention des risques professionnels (burn-out, d\u00e9pression, arr\u00eats-maladies, etc.)<\/li><li>Diminution de l&#8217;absent\u00e9isme <\/li><li>Diminution des d\u00e9penses li\u00e9es aux probl\u00e8mes de sant\u00e9<\/li><li>Plus de performance et meilleure productivit\u00e9 des \u00e9quipes<\/li><li>Am\u00e9lioration de l&#8217;immunit\u00e9 permettant de moins tomber malade<\/li><li>Meilleur \u00e9tat d&#8217;esprit et \u00e9panouissement au travail<\/li><\/ul>\n\n\n\n<p><\/p>\n\n\n\n<p class=\"has-text-align-center has-large-font-size\">N\u2019h\u00e9sitez-pas \u00e0 me contacter afin de d\u00e9couvrir l\u2019offre et d\u2019\u00e9changer sur vos besoins.<\/p>\n","protected":false},"excerpt":{"rendered":"<p>50% des salari\u00e9s fran\u00e7ais sont au travail&nbsp;. Trajets et embouteillages, exposition prolong\u00e9e aux&nbsp;\u00e9crans, mais aussi surcharge de travail, dossiers difficiles, travail dans l\u2019urgence, non-dits, \u00e9motions refoul\u00e9es\u2026 nombreuses sont les raisons de stresser au travail. Cette accumulation de&nbsp;stress&nbsp;entra\u00eene tout un tas de maux physiques et\/ou \u00e9motionnels telles que des&nbsp;&nbsp;tensions, douleurs et &hellip; <\/p>\n","protected":false},"author":1,"featured_media":0,"parent":0,"menu_order":0,"comment_status":"closed","ping_status":"closed","template":"","meta":{"footnotes":""},"class_list":["post-59","page","type-page","status-publish","hentry","latest_post"],"yoast_head":"<!-- This site is optimized with the Yoast SEO plugin v20.2.1 - https:\/\/yoast.com\/wordpress\/plugins\/seo\/ -->\n<title>Formation en entreprise - Approche holistique de la sant\u00e9<\/title>\n<meta name=\"robots\" content=\"index, follow, max-snippet:-1, max-image-preview:large, max-video-preview:-1\" \/>\n<link rel=\"canonical\" href=\"https:\/\/naturellebienetre.fr\/?page_id=59\" \/>\n<meta property=\"og:locale\" content=\"en_US\" \/>\n<meta property=\"og:type\" content=\"article\" \/>\n<meta property=\"og:title\" content=\"Formation en entreprise - Approche holistique de la sant\u00e9\" \/>\n<meta property=\"og:description\" content=\"50% des salari\u00e9s fran\u00e7ais sont au travail&nbsp;. Trajets et embouteillages, exposition prolong\u00e9e aux&nbsp;\u00e9crans, mais aussi surcharge de travail, dossiers difficiles, travail dans l\u2019urgence, non-dits, \u00e9motions refoul\u00e9es\u2026 nombreuses sont les raisons de stresser au travail. Cette accumulation de&nbsp;stress&nbsp;entra\u00eene tout un tas de maux physiques et\/ou \u00e9motionnels telles que des&nbsp;&nbsp;tensions, douleurs et &hellip;\" \/>\n<meta property=\"og:url\" content=\"https:\/\/naturellebienetre.fr\/?page_id=59\" \/>\n<meta property=\"og:site_name\" content=\"Approche holistique de la sant\u00e9\" \/>\n<meta property=\"article:modified_time\" content=\"2022-05-26T15:44:59+00:00\" \/>\n<meta property=\"og:image\" content=\"http:\/\/naturellebienetre.fr\/wp-content\/uploads\/2022\/05\/huile-basilic-1024x768.jpg\" \/>\n<meta name=\"twitter:card\" content=\"summary_large_image\" \/>\n<meta name=\"twitter:label1\" content=\"Est. reading time\" \/>\n\t<meta name=\"twitter:data1\" content=\"2 minutes\" \/>\n<script type=\"application\/ld+json\" class=\"yoast-schema-graph\">{\"@context\":\"https:\/\/schema.org\",\"@graph\":[{\"@type\":\"WebPage\",\"@id\":\"https:\/\/naturellebienetre.fr\/?page_id=59\",\"url\":\"https:\/\/naturellebienetre.fr\/?page_id=59\",\"name\":\"Formation en entreprise - Approche holistique de la sant\u00e9\",\"isPartOf\":{\"@id\":\"https:\/\/naturellebienetre.fr\/#website\"},\"datePublished\":\"2022-05-16T18:15:39+00:00\",\"dateModified\":\"2022-05-26T15:44:59+00:00\",\"breadcrumb\":{\"@id\":\"https:\/\/naturellebienetre.fr\/?page_id=59#breadcrumb\"},\"inLanguage\":\"en-US\",\"potentialAction\":[{\"@type\":\"ReadAction\",\"target\":[\"https:\/\/naturellebienetre.fr\/?page_id=59\"]}]},{\"@type\":\"BreadcrumbList\",\"@id\":\"https:\/\/naturellebienetre.fr\/?page_id=59#breadcrumb\",\"itemListElement\":[{\"@type\":\"ListItem\",\"position\":1,\"name\":\"Accueil\",\"item\":\"https:\/\/naturellebienetre.fr\/\"},{\"@type\":\"ListItem\",\"position\":2,\"name\":\"Formation en entreprise\"}]},{\"@type\":\"WebSite\",\"@id\":\"https:\/\/naturellebienetre.fr\/#website\",\"url\":\"https:\/\/naturellebienetre.fr\/\",\"name\":\"Approche holistique de la sant\u00e9 - naturopathie\",\"description\":\"Natur&#039;elle : naturopathie au f\u00e9minin\",\"publisher\":{\"@id\":\"https:\/\/naturellebienetre.fr\/#\/schema\/person\/48341cb16a43c80f0d8dccb26cd453f0\"},\"potentialAction\":[{\"@type\":\"SearchAction\",\"target\":{\"@type\":\"EntryPoint\",\"urlTemplate\":\"https:\/\/naturellebienetre.fr\/?s={search_term_string}\"},\"query-input\":\"required name=search_term_string\"}],\"inLanguage\":\"en-US\"},{\"@type\":[\"Person\",\"Organization\"],\"@id\":\"https:\/\/naturellebienetre.fr\/#\/schema\/person\/48341cb16a43c80f0d8dccb26cd453f0\",\"name\":\"admin7092\",\"image\":{\"@type\":\"ImageObject\",\"inLanguage\":\"en-US\",\"@id\":\"https:\/\/naturellebienetre.fr\/#\/schema\/person\/image\/\",\"url\":\"https:\/\/naturellebienetre.fr\/wp-content\/uploads\/2022\/05\/2.png\",\"contentUrl\":\"https:\/\/naturellebienetre.fr\/wp-content\/uploads\/2022\/05\/2.png\",\"width\":500,\"height\":500,\"caption\":\"admin7092\"},\"logo\":{\"@id\":\"https:\/\/naturellebienetre.fr\/#\/schema\/person\/image\/\"},\"sameAs\":[\"http:\/\/naturellebienetre.fr\"]}]}<\/script>\n<!-- \/ Yoast SEO plugin. -->","yoast_head_json":{"title":"Formation en entreprise - Approche holistique de la sant\u00e9","robots":{"index":"index","follow":"follow","max-snippet":"max-snippet:-1","max-image-preview":"max-image-preview:large","max-video-preview":"max-video-preview:-1"},"canonical":"https:\/\/naturellebienetre.fr\/?page_id=59","og_locale":"en_US","og_type":"article","og_title":"Formation en entreprise - Approche holistique de la sant\u00e9","og_description":"50% des salari\u00e9s fran\u00e7ais sont au travail&nbsp;. Trajets et embouteillages, exposition prolong\u00e9e aux&nbsp;\u00e9crans, mais aussi surcharge de travail, dossiers difficiles, travail dans l\u2019urgence, non-dits, \u00e9motions refoul\u00e9es\u2026 nombreuses sont les raisons de stresser au travail. Cette accumulation de&nbsp;stress&nbsp;entra\u00eene tout un tas de maux physiques et\/ou \u00e9motionnels telles que des&nbsp;&nbsp;tensions, douleurs et &hellip;","og_url":"https:\/\/naturellebienetre.fr\/?page_id=59","og_site_name":"Approche holistique de la sant\u00e9","article_modified_time":"2022-05-26T15:44:59+00:00","og_image":[{"url":"http:\/\/naturellebienetre.fr\/wp-content\/uploads\/2022\/05\/huile-basilic-1024x768.jpg"}],"twitter_card":"summary_large_image","twitter_misc":{"Est. reading time":"2 minutes"},"schema":{"@context":"https:\/\/schema.org","@graph":[{"@type":"WebPage","@id":"https:\/\/naturellebienetre.fr\/?page_id=59","url":"https:\/\/naturellebienetre.fr\/?page_id=59","name":"Formation en entreprise - Approche holistique de la sant\u00e9","isPartOf":{"@id":"https:\/\/naturellebienetre.fr\/#website"},"datePublished":"2022-05-16T18:15:39+00:00","dateModified":"2022-05-26T15:44:59+00:00","breadcrumb":{"@id":"https:\/\/naturellebienetre.fr\/?page_id=59#breadcrumb"},"inLanguage":"en-US","potentialAction":[{"@type":"ReadAction","target":["https:\/\/naturellebienetre.fr\/?page_id=59"]}]},{"@type":"BreadcrumbList","@id":"https:\/\/naturellebienetre.fr\/?page_id=59#breadcrumb","itemListElement":[{"@type":"ListItem","position":1,"name":"Accueil","item":"https:\/\/naturellebienetre.fr\/"},{"@type":"ListItem","position":2,"name":"Formation en entreprise"}]},{"@type":"WebSite","@id":"https:\/\/naturellebienetre.fr\/#website","url":"https:\/\/naturellebienetre.fr\/","name":"Approche holistique de la sant\u00e9 - naturopathie","description":"Natur&#039;elle : naturopathie au f\u00e9minin","publisher":{"@id":"https:\/\/naturellebienetre.fr\/#\/schema\/person\/48341cb16a43c80f0d8dccb26cd453f0"},"potentialAction":[{"@type":"SearchAction","target":{"@type":"EntryPoint","urlTemplate":"https:\/\/naturellebienetre.fr\/?s={search_term_string}"},"query-input":"required name=search_term_string"}],"inLanguage":"en-US"},{"@type":["Person","Organization"],"@id":"https:\/\/naturellebienetre.fr\/#\/schema\/person\/48341cb16a43c80f0d8dccb26cd453f0","name":"admin7092","image":{"@type":"ImageObject","inLanguage":"en-US","@id":"https:\/\/naturellebienetre.fr\/#\/schema\/person\/image\/","url":"https:\/\/naturellebienetre.fr\/wp-content\/uploads\/2022\/05\/2.png","contentUrl":"https:\/\/naturellebienetre.fr\/wp-content\/uploads\/2022\/05\/2.png","width":500,"height":500,"caption":"admin7092"},"logo":{"@id":"https:\/\/naturellebienetre.fr\/#\/schema\/person\/image\/"},"sameAs":["http:\/\/naturellebienetre.fr"]}]}},"_links":{"self":[{"href":"https:\/\/naturellebienetre.fr\/index.php?rest_route=\/wp\/v2\/pages\/59","targetHints":{"allow":["GET"]}}],"collection":[{"href":"https:\/\/naturellebienetre.fr\/index.php?rest_route=\/wp\/v2\/pages"}],"about":[{"href":"https:\/\/naturellebienetre.fr\/index.php?rest_route=\/wp\/v2\/types\/page"}],"author":[{"embeddable":true,"href":"https:\/\/naturellebienetre.fr\/index.php?rest_route=\/wp\/v2\/users\/1"}],"replies":[{"embeddable":true,"href":"https:\/\/naturellebienetre.fr\/index.php?rest_route=%2Fwp%2Fv2%2Fcomments&post=59"}],"version-history":[{"count":7,"href":"https:\/\/naturellebienetre.fr\/index.php?rest_route=\/wp\/v2\/pages\/59\/revisions"}],"predecessor-version":[{"id":226,"href":"https:\/\/naturellebienetre.fr\/index.php?rest_route=\/wp\/v2\/pages\/59\/revisions\/226"}],"wp:attachment":[{"href":"https:\/\/naturellebienetre.fr\/index.php?rest_route=%2Fwp%2Fv2%2Fmedia&parent=59"}],"curies":[{"name":"wp","href":"https:\/\/api.w.org\/{rel}","templated":true}]}}