{"id":62,"date":"2022-05-16T20:15:39","date_gmt":"2022-05-16T18:15:39","guid":{"rendered":"http:\/\/naturellebienetre.fr\/?page_id=62"},"modified":"2022-05-23T19:26:29","modified_gmt":"2022-05-23T17:26:29","slug":"quest-ce-que-la-naturopathie","status":"publish","type":"page","link":"https:\/\/naturellebienetre.fr\/?page_id=62","title":{"rendered":"Qu&#8217;est-ce que la naturopathie"},"content":{"rendered":"\n<p class=\"has-text-align-left\">Le but de la naturopathie est de vous apprendre \u00e0 prendre soin de vous pour \u00eatre heureux, pour rester en bonne sant\u00e9, pour \u00eatre plein de vitalit\u00e9 par des moyens naturels. Elle cherche \u00e0 comprendre et \u00e0 corriger ce qui fonctionne mal dans votre corps ou ce qui a d\u00e9clench\u00e9 ces manifestations.<\/p>\n\n\n\n<p><\/p>\n\n\n\n<p>La naturopathie se distingue de la m\u00e9decine allopathique classique par son concept de globalit\u00e9. La o\u00f9 l&#8217;allopathie s&#8217;int\u00e9resse \u00e0 la maladie et aux moyens de faire taire ces manifestations, la naturopathie cherche \u00e0 comprendre et \u00e0 corriger ce qui fonctionne mal dans le corps du patient ou ce qui a d\u00e9clench\u00e9 ces manifestations.<\/p>\n\n\n\n<p> La Naturopathie compl\u00e8te la m\u00e9decine conventionnelle en agissant sur le terrain par une prise en compte globale de la personne et dans le respect des \u00e9ventuels traitements m\u00e9dicamenteux en cours.<\/p>\n\n\n\n<p>L&#8217;union europ\u00e9enne classe la naturopathie parmi les m\u00e9decines non conventionnelles et l&#8217;OMS comme la 3eme m\u00e9decine du monde.<\/p>\n","protected":false},"excerpt":{"rendered":"<p>Le but de la naturopathie est de vous apprendre \u00e0 prendre soin de vous pour \u00eatre heureux, pour rester en bonne sant\u00e9, pour \u00eatre plein de vitalit\u00e9 par des moyens naturels. Elle cherche \u00e0 comprendre et \u00e0 corriger ce qui fonctionne mal dans votre corps ou ce qui a d\u00e9clench\u00e9 &hellip; <\/p>\n","protected":false},"author":1,"featured_media":0,"parent":0,"menu_order":0,"comment_status":"closed","ping_status":"closed","template":"","meta":{"footnotes":""},"class_list":["post-62","page","type-page","status-publish","hentry","latest_post"],"yoast_head":"<!-- This site is optimized with the Yoast SEO plugin v20.2.1 - https:\/\/yoast.com\/wordpress\/plugins\/seo\/ -->\n<title>Qu&#039;est-ce que la naturopathie - Approche holistique de la sant\u00e9<\/title>\n<meta name=\"robots\" content=\"index, follow, max-snippet:-1, max-image-preview:large, max-video-preview:-1\" \/>\n<link rel=\"canonical\" href=\"https:\/\/naturellebienetre.fr\/?page_id=62\" \/>\n<meta property=\"og:locale\" content=\"en_US\" \/>\n<meta property=\"og:type\" content=\"article\" \/>\n<meta property=\"og:title\" content=\"Qu&#039;est-ce que la naturopathie - Approche holistique de la sant\u00e9\" \/>\n<meta property=\"og:description\" content=\"Le but de la naturopathie est de vous apprendre \u00e0 prendre soin de vous pour \u00eatre heureux, pour rester en bonne sant\u00e9, pour \u00eatre plein de vitalit\u00e9 par des moyens naturels. Elle cherche \u00e0 comprendre et \u00e0 corriger ce qui fonctionne mal dans votre corps ou ce qui a d\u00e9clench\u00e9 &hellip;\" \/>\n<meta property=\"og:url\" content=\"https:\/\/naturellebienetre.fr\/?page_id=62\" \/>\n<meta property=\"og:site_name\" content=\"Approche holistique de la sant\u00e9\" \/>\n<meta property=\"article:modified_time\" content=\"2022-05-23T17:26:29+00:00\" \/>\n<meta name=\"twitter:card\" content=\"summary_large_image\" \/>\n<meta name=\"twitter:label1\" content=\"Est. reading time\" \/>\n\t<meta name=\"twitter:data1\" content=\"1 minute\" \/>\n<script type=\"application\/ld+json\" class=\"yoast-schema-graph\">{\"@context\":\"https:\/\/schema.org\",\"@graph\":[{\"@type\":\"WebPage\",\"@id\":\"https:\/\/naturellebienetre.fr\/?page_id=62\",\"url\":\"https:\/\/naturellebienetre.fr\/?page_id=62\",\"name\":\"Qu'est-ce que la naturopathie - Approche holistique de la sant\u00e9\",\"isPartOf\":{\"@id\":\"https:\/\/naturellebienetre.fr\/#website\"},\"datePublished\":\"2022-05-16T18:15:39+00:00\",\"dateModified\":\"2022-05-23T17:26:29+00:00\",\"breadcrumb\":{\"@id\":\"https:\/\/naturellebienetre.fr\/?page_id=62#breadcrumb\"},\"inLanguage\":\"en-US\",\"potentialAction\":[{\"@type\":\"ReadAction\",\"target\":[\"https:\/\/naturellebienetre.fr\/?page_id=62\"]}]},{\"@type\":\"BreadcrumbList\",\"@id\":\"https:\/\/naturellebienetre.fr\/?page_id=62#breadcrumb\",\"itemListElement\":[{\"@type\":\"ListItem\",\"position\":1,\"name\":\"Accueil\",\"item\":\"https:\/\/naturellebienetre.fr\/\"},{\"@type\":\"ListItem\",\"position\":2,\"name\":\"Qu&rsquo;est-ce que la naturopathie\"}]},{\"@type\":\"WebSite\",\"@id\":\"https:\/\/naturellebienetre.fr\/#website\",\"url\":\"https:\/\/naturellebienetre.fr\/\",\"name\":\"Approche holistique de la sant\u00e9 - naturopathie\",\"description\":\"Natur&#039;elle : naturopathie au f\u00e9minin\",\"publisher\":{\"@id\":\"https:\/\/naturellebienetre.fr\/#\/schema\/person\/48341cb16a43c80f0d8dccb26cd453f0\"},\"potentialAction\":[{\"@type\":\"SearchAction\",\"target\":{\"@type\":\"EntryPoint\",\"urlTemplate\":\"https:\/\/naturellebienetre.fr\/?s={search_term_string}\"},\"query-input\":\"required name=search_term_string\"}],\"inLanguage\":\"en-US\"},{\"@type\":[\"Person\",\"Organization\"],\"@id\":\"https:\/\/naturellebienetre.fr\/#\/schema\/person\/48341cb16a43c80f0d8dccb26cd453f0\",\"name\":\"admin7092\",\"image\":{\"@type\":\"ImageObject\",\"inLanguage\":\"en-US\",\"@id\":\"https:\/\/naturellebienetre.fr\/#\/schema\/person\/image\/\",\"url\":\"https:\/\/naturellebienetre.fr\/wp-content\/uploads\/2022\/05\/2.png\",\"contentUrl\":\"https:\/\/naturellebienetre.fr\/wp-content\/uploads\/2022\/05\/2.png\",\"width\":500,\"height\":500,\"caption\":\"admin7092\"},\"logo\":{\"@id\":\"https:\/\/naturellebienetre.fr\/#\/schema\/person\/image\/\"},\"sameAs\":[\"http:\/\/naturellebienetre.fr\"]}]}<\/script>\n<!-- \/ Yoast SEO plugin. -->","yoast_head_json":{"title":"Qu'est-ce que la naturopathie - Approche holistique de la sant\u00e9","robots":{"index":"index","follow":"follow","max-snippet":"max-snippet:-1","max-image-preview":"max-image-preview:large","max-video-preview":"max-video-preview:-1"},"canonical":"https:\/\/naturellebienetre.fr\/?page_id=62","og_locale":"en_US","og_type":"article","og_title":"Qu'est-ce que la naturopathie - Approche holistique de la sant\u00e9","og_description":"Le but de la naturopathie est de vous apprendre \u00e0 prendre soin de vous pour \u00eatre heureux, pour rester en bonne sant\u00e9, pour \u00eatre plein de vitalit\u00e9 par des moyens naturels. Elle cherche \u00e0 comprendre et \u00e0 corriger ce qui fonctionne mal dans votre corps ou ce qui a d\u00e9clench\u00e9 &hellip;","og_url":"https:\/\/naturellebienetre.fr\/?page_id=62","og_site_name":"Approche holistique de la sant\u00e9","article_modified_time":"2022-05-23T17:26:29+00:00","twitter_card":"summary_large_image","twitter_misc":{"Est. reading time":"1 minute"},"schema":{"@context":"https:\/\/schema.org","@graph":[{"@type":"WebPage","@id":"https:\/\/naturellebienetre.fr\/?page_id=62","url":"https:\/\/naturellebienetre.fr\/?page_id=62","name":"Qu'est-ce que la naturopathie - Approche holistique de la sant\u00e9","isPartOf":{"@id":"https:\/\/naturellebienetre.fr\/#website"},"datePublished":"2022-05-16T18:15:39+00:00","dateModified":"2022-05-23T17:26:29+00:00","breadcrumb":{"@id":"https:\/\/naturellebienetre.fr\/?page_id=62#breadcrumb"},"inLanguage":"en-US","potentialAction":[{"@type":"ReadAction","target":["https:\/\/naturellebienetre.fr\/?page_id=62"]}]},{"@type":"BreadcrumbList","@id":"https:\/\/naturellebienetre.fr\/?page_id=62#breadcrumb","itemListElement":[{"@type":"ListItem","position":1,"name":"Accueil","item":"https:\/\/naturellebienetre.fr\/"},{"@type":"ListItem","position":2,"name":"Qu&rsquo;est-ce que la naturopathie"}]},{"@type":"WebSite","@id":"https:\/\/naturellebienetre.fr\/#website","url":"https:\/\/naturellebienetre.fr\/","name":"Approche holistique de la sant\u00e9 - naturopathie","description":"Natur&#039;elle : naturopathie au f\u00e9minin","publisher":{"@id":"https:\/\/naturellebienetre.fr\/#\/schema\/person\/48341cb16a43c80f0d8dccb26cd453f0"},"potentialAction":[{"@type":"SearchAction","target":{"@type":"EntryPoint","urlTemplate":"https:\/\/naturellebienetre.fr\/?s={search_term_string}"},"query-input":"required name=search_term_string"}],"inLanguage":"en-US"},{"@type":["Person","Organization"],"@id":"https:\/\/naturellebienetre.fr\/#\/schema\/person\/48341cb16a43c80f0d8dccb26cd453f0","name":"admin7092","image":{"@type":"ImageObject","inLanguage":"en-US","@id":"https:\/\/naturellebienetre.fr\/#\/schema\/person\/image\/","url":"https:\/\/naturellebienetre.fr\/wp-content\/uploads\/2022\/05\/2.png","contentUrl":"https:\/\/naturellebienetre.fr\/wp-content\/uploads\/2022\/05\/2.png","width":500,"height":500,"caption":"admin7092"},"logo":{"@id":"https:\/\/naturellebienetre.fr\/#\/schema\/person\/image\/"},"sameAs":["http:\/\/naturellebienetre.fr"]}]}},"_links":{"self":[{"href":"https:\/\/naturellebienetre.fr\/index.php?rest_route=\/wp\/v2\/pages\/62","targetHints":{"allow":["GET"]}}],"collection":[{"href":"https:\/\/naturellebienetre.fr\/index.php?rest_route=\/wp\/v2\/pages"}],"about":[{"href":"https:\/\/naturellebienetre.fr\/index.php?rest_route=\/wp\/v2\/types\/page"}],"author":[{"embeddable":true,"href":"https:\/\/naturellebienetre.fr\/index.php?rest_route=\/wp\/v2\/users\/1"}],"replies":[{"embeddable":true,"href":"https:\/\/naturellebienetre.fr\/index.php?rest_route=%2Fwp%2Fv2%2Fcomments&post=62"}],"version-history":[{"count":4,"href":"https:\/\/naturellebienetre.fr\/index.php?rest_route=\/wp\/v2\/pages\/62\/revisions"}],"predecessor-version":[{"id":190,"href":"https:\/\/naturellebienetre.fr\/index.php?rest_route=\/wp\/v2\/pages\/62\/revisions\/190"}],"wp:attachment":[{"href":"https:\/\/naturellebienetre.fr\/index.php?rest_route=%2Fwp%2Fv2%2Fmedia&parent=62"}],"curies":[{"name":"wp","href":"https:\/\/api.w.org\/{rel}","templated":true}]}}