{"id":63,"date":"2022-05-16T20:15:39","date_gmt":"2022-05-16T18:15:39","guid":{"rendered":"http:\/\/naturellebienetre.fr\/?page_id=63"},"modified":"2022-05-26T16:02:07","modified_gmt":"2022-05-26T14:02:07","slug":"atelier","status":"publish","type":"page","link":"https:\/\/naturellebienetre.fr\/?page_id=63","title":{"rendered":"Atelier"},"content":{"rendered":"\n<figure class=\"wp-block-image size-large\"><img loading=\"lazy\" decoding=\"async\" width=\"1024\" height=\"285\" src=\"https:\/\/naturellebienetre.fr\/wp-content\/uploads\/2022\/05\/fleurs-dans-flacon-1-1024x285.jpg\" alt=\"\" class=\"wp-image-87\" srcset=\"https:\/\/naturellebienetre.fr\/wp-content\/uploads\/2022\/05\/fleurs-dans-flacon-1-1024x285.jpg 1024w, https:\/\/naturellebienetre.fr\/wp-content\/uploads\/2022\/05\/fleurs-dans-flacon-1-300x83.jpg 300w, https:\/\/naturellebienetre.fr\/wp-content\/uploads\/2022\/05\/fleurs-dans-flacon-1-768x214.jpg 768w, https:\/\/naturellebienetre.fr\/wp-content\/uploads\/2022\/05\/fleurs-dans-flacon-1-1536x427.jpg 1536w, https:\/\/naturellebienetre.fr\/wp-content\/uploads\/2022\/05\/fleurs-dans-flacon-1-216x60.jpg 216w, https:\/\/naturellebienetre.fr\/wp-content\/uploads\/2022\/05\/fleurs-dans-flacon-1.jpg 1920w\" sizes=\"auto, (max-width: 1024px) 100vw, 1024px\" \/><\/figure>\n\n\n\n<p>J&#8217;organise r\u00e9guli\u00e8rement des ateliers naturopathie dans les Hauts de France.<\/p>\n\n\n\n<p><\/p>\n\n\n\n<p>Je vous propose aussi d&#8217;organiser des ateliers sur-mesure \u00e0 votre domicile, dans votre \u00e9cole, sur votre lieu de travail\u2026\u00a0R\u00e9unissez vos amis, vos coll\u00e8gues, vos \u00e9l\u00e8ves ; contactez-moi afin de choisir un th\u00e8me ( en fonction de vos besoins et envies) et de fixer une date. Nous conviendrons ensemble de la th\u00e9matique id\u00e9ale par rapport \u00e0 vos envies et vos besoins (choix \u00e0 la carte ou atelier sur-mesure).\u00a0<\/p>\n\n\n\n<p><\/p>\n\n\n\n<p class=\"has-medium-font-size\"><strong>Qu&#8217;est-ce qu&#8217;un atelier naturopathie ? <\/strong><\/p>\n\n\n\n<p>Un atelier naturopathie, c\u2019est un moment de partage pour vous permettre de conna\u00eetre ou d\u2019approfondir\u00a0 les grands principes de la naturopathie et d\u2019apprendre \u00e0 prendre soin de votre organisme, de votre peau, votre bien-\u00eatre. <\/p>\n\n\n\n<p>Selon la saison et vos envies, nous aborderons des th\u00e8mes aussi vari\u00e9s que :<\/p>\n\n\n\n<p>&#8211; les bienfaits et bon association des jus (de l\u00e9gumes et fruits)<br>&#8211; la relaxation, la m\u00e9ditation,  les respirations,<br>&#8211; comment pr\u00e9parer notre corps au changement de saison ?<br>&#8211; la d\u00e9tox,<br>&#8211; les huiles essentielles,<br>&#8211; le sommeil,<br>&#8211; les soins de la peau,<br>&#8211; un petit d\u00e9j au top pour la journ\u00e9e<br>&#8211; les bonnes huiles v\u00e9g\u00e9tales<br>&#8211; les prot\u00e9ines v\u00e9g\u00e9tales<br>&#8211; les super aliments<br>&#8211; pourquoi et comment v\u00e9g\u00e9taliser son assiette?<br>&#8211; qu\u2019est ce qu\u2019une alimentation hypotoxique?<br>&#8211; quel repas \u00e0 emporter au travail?<\/p>\n\n\n\n<p><\/p>\n\n\n\n<p><\/p>\n\n\n\n<p class=\"has-text-align-center has-vivid-purple-color has-text-color\">Lors des ateliers, nous go\u00fbterons, testerons, cuisinerons !<\/p>\n\n\n\n<p class=\"has-vivid-purple-color has-text-color\"><\/p>\n\n\n\n<p>Le tarif  d\u00e9pend  de la th\u00e9matique choisie et de la dur\u00e9e. L&#8217;atelier naturopathie est gratuit pour la personne qui accueille \u00e0 son domicile.&nbsp;<\/p>\n\n\n\n<p>Contactez-moi afin d&#8217;en discuter et d&#8217;obtenir un devis .<\/p>\n","protected":false},"excerpt":{"rendered":"<p>J&#8217;organise r\u00e9guli\u00e8rement des ateliers naturopathie dans les Hauts de France. Je vous propose aussi d&#8217;organiser des ateliers sur-mesure \u00e0 votre domicile, dans votre \u00e9cole, sur votre lieu de travail\u2026\u00a0R\u00e9unissez vos amis, vos coll\u00e8gues, vos \u00e9l\u00e8ves ; contactez-moi afin de choisir un th\u00e8me ( en fonction de vos besoins et envies) &hellip; <\/p>\n","protected":false},"author":1,"featured_media":0,"parent":0,"menu_order":0,"comment_status":"closed","ping_status":"closed","template":"","meta":{"footnotes":""},"class_list":["post-63","page","type-page","status-publish","hentry","latest_post"],"yoast_head":"<!-- This site is optimized with the Yoast SEO plugin v20.2.1 - https:\/\/yoast.com\/wordpress\/plugins\/seo\/ -->\n<title>Atelier - Approche holistique de la sant\u00e9<\/title>\n<meta name=\"robots\" content=\"index, follow, max-snippet:-1, max-image-preview:large, max-video-preview:-1\" \/>\n<link rel=\"canonical\" href=\"https:\/\/naturellebienetre.fr\/?page_id=63\" \/>\n<meta property=\"og:locale\" content=\"en_US\" \/>\n<meta property=\"og:type\" content=\"article\" \/>\n<meta property=\"og:title\" content=\"Atelier - Approche holistique de la sant\u00e9\" \/>\n<meta property=\"og:description\" content=\"J&#8217;organise r\u00e9guli\u00e8rement des ateliers naturopathie dans les Hauts de France. Je vous propose aussi d&#8217;organiser des ateliers sur-mesure \u00e0 votre domicile, dans votre \u00e9cole, sur votre lieu de travail\u2026\u00a0R\u00e9unissez vos amis, vos coll\u00e8gues, vos \u00e9l\u00e8ves ; contactez-moi afin de choisir un th\u00e8me ( en fonction de vos besoins et envies) &hellip;\" \/>\n<meta property=\"og:url\" content=\"https:\/\/naturellebienetre.fr\/?page_id=63\" \/>\n<meta property=\"og:site_name\" content=\"Approche holistique de la sant\u00e9\" \/>\n<meta property=\"article:modified_time\" content=\"2022-05-26T14:02:07+00:00\" \/>\n<meta property=\"og:image\" content=\"http:\/\/naturellebienetre.fr\/wp-content\/uploads\/2022\/05\/fleurs-dans-flacon-1-1024x285.jpg\" \/>\n<meta name=\"twitter:card\" content=\"summary_large_image\" \/>\n<meta name=\"twitter:label1\" content=\"Est. reading time\" \/>\n\t<meta name=\"twitter:data1\" content=\"1 minute\" \/>\n<script type=\"application\/ld+json\" class=\"yoast-schema-graph\">{\"@context\":\"https:\/\/schema.org\",\"@graph\":[{\"@type\":\"WebPage\",\"@id\":\"https:\/\/naturellebienetre.fr\/?page_id=63\",\"url\":\"https:\/\/naturellebienetre.fr\/?page_id=63\",\"name\":\"Atelier - Approche holistique de la sant\u00e9\",\"isPartOf\":{\"@id\":\"https:\/\/naturellebienetre.fr\/#website\"},\"datePublished\":\"2022-05-16T18:15:39+00:00\",\"dateModified\":\"2022-05-26T14:02:07+00:00\",\"breadcrumb\":{\"@id\":\"https:\/\/naturellebienetre.fr\/?page_id=63#breadcrumb\"},\"inLanguage\":\"en-US\",\"potentialAction\":[{\"@type\":\"ReadAction\",\"target\":[\"https:\/\/naturellebienetre.fr\/?page_id=63\"]}]},{\"@type\":\"BreadcrumbList\",\"@id\":\"https:\/\/naturellebienetre.fr\/?page_id=63#breadcrumb\",\"itemListElement\":[{\"@type\":\"ListItem\",\"position\":1,\"name\":\"Accueil\",\"item\":\"https:\/\/naturellebienetre.fr\/\"},{\"@type\":\"ListItem\",\"position\":2,\"name\":\"Atelier\"}]},{\"@type\":\"WebSite\",\"@id\":\"https:\/\/naturellebienetre.fr\/#website\",\"url\":\"https:\/\/naturellebienetre.fr\/\",\"name\":\"Approche holistique de la sant\u00e9 - naturopathie\",\"description\":\"Natur&#039;elle : naturopathie au f\u00e9minin\",\"publisher\":{\"@id\":\"https:\/\/naturellebienetre.fr\/#\/schema\/person\/48341cb16a43c80f0d8dccb26cd453f0\"},\"potentialAction\":[{\"@type\":\"SearchAction\",\"target\":{\"@type\":\"EntryPoint\",\"urlTemplate\":\"https:\/\/naturellebienetre.fr\/?s={search_term_string}\"},\"query-input\":\"required name=search_term_string\"}],\"inLanguage\":\"en-US\"},{\"@type\":[\"Person\",\"Organization\"],\"@id\":\"https:\/\/naturellebienetre.fr\/#\/schema\/person\/48341cb16a43c80f0d8dccb26cd453f0\",\"name\":\"admin7092\",\"image\":{\"@type\":\"ImageObject\",\"inLanguage\":\"en-US\",\"@id\":\"https:\/\/naturellebienetre.fr\/#\/schema\/person\/image\/\",\"url\":\"https:\/\/naturellebienetre.fr\/wp-content\/uploads\/2022\/05\/2.png\",\"contentUrl\":\"https:\/\/naturellebienetre.fr\/wp-content\/uploads\/2022\/05\/2.png\",\"width\":500,\"height\":500,\"caption\":\"admin7092\"},\"logo\":{\"@id\":\"https:\/\/naturellebienetre.fr\/#\/schema\/person\/image\/\"},\"sameAs\":[\"http:\/\/naturellebienetre.fr\"]}]}<\/script>\n<!-- \/ Yoast SEO plugin. -->","yoast_head_json":{"title":"Atelier - Approche holistique de la sant\u00e9","robots":{"index":"index","follow":"follow","max-snippet":"max-snippet:-1","max-image-preview":"max-image-preview:large","max-video-preview":"max-video-preview:-1"},"canonical":"https:\/\/naturellebienetre.fr\/?page_id=63","og_locale":"en_US","og_type":"article","og_title":"Atelier - Approche holistique de la sant\u00e9","og_description":"J&#8217;organise r\u00e9guli\u00e8rement des ateliers naturopathie dans les Hauts de France. Je vous propose aussi d&#8217;organiser des ateliers sur-mesure \u00e0 votre domicile, dans votre \u00e9cole, sur votre lieu de travail\u2026\u00a0R\u00e9unissez vos amis, vos coll\u00e8gues, vos \u00e9l\u00e8ves ; contactez-moi afin de choisir un th\u00e8me ( en fonction de vos besoins et envies) &hellip;","og_url":"https:\/\/naturellebienetre.fr\/?page_id=63","og_site_name":"Approche holistique de la sant\u00e9","article_modified_time":"2022-05-26T14:02:07+00:00","og_image":[{"url":"http:\/\/naturellebienetre.fr\/wp-content\/uploads\/2022\/05\/fleurs-dans-flacon-1-1024x285.jpg"}],"twitter_card":"summary_large_image","twitter_misc":{"Est. reading time":"1 minute"},"schema":{"@context":"https:\/\/schema.org","@graph":[{"@type":"WebPage","@id":"https:\/\/naturellebienetre.fr\/?page_id=63","url":"https:\/\/naturellebienetre.fr\/?page_id=63","name":"Atelier - Approche holistique de la sant\u00e9","isPartOf":{"@id":"https:\/\/naturellebienetre.fr\/#website"},"datePublished":"2022-05-16T18:15:39+00:00","dateModified":"2022-05-26T14:02:07+00:00","breadcrumb":{"@id":"https:\/\/naturellebienetre.fr\/?page_id=63#breadcrumb"},"inLanguage":"en-US","potentialAction":[{"@type":"ReadAction","target":["https:\/\/naturellebienetre.fr\/?page_id=63"]}]},{"@type":"BreadcrumbList","@id":"https:\/\/naturellebienetre.fr\/?page_id=63#breadcrumb","itemListElement":[{"@type":"ListItem","position":1,"name":"Accueil","item":"https:\/\/naturellebienetre.fr\/"},{"@type":"ListItem","position":2,"name":"Atelier"}]},{"@type":"WebSite","@id":"https:\/\/naturellebienetre.fr\/#website","url":"https:\/\/naturellebienetre.fr\/","name":"Approche holistique de la sant\u00e9 - naturopathie","description":"Natur&#039;elle : naturopathie au f\u00e9minin","publisher":{"@id":"https:\/\/naturellebienetre.fr\/#\/schema\/person\/48341cb16a43c80f0d8dccb26cd453f0"},"potentialAction":[{"@type":"SearchAction","target":{"@type":"EntryPoint","urlTemplate":"https:\/\/naturellebienetre.fr\/?s={search_term_string}"},"query-input":"required name=search_term_string"}],"inLanguage":"en-US"},{"@type":["Person","Organization"],"@id":"https:\/\/naturellebienetre.fr\/#\/schema\/person\/48341cb16a43c80f0d8dccb26cd453f0","name":"admin7092","image":{"@type":"ImageObject","inLanguage":"en-US","@id":"https:\/\/naturellebienetre.fr\/#\/schema\/person\/image\/","url":"https:\/\/naturellebienetre.fr\/wp-content\/uploads\/2022\/05\/2.png","contentUrl":"https:\/\/naturellebienetre.fr\/wp-content\/uploads\/2022\/05\/2.png","width":500,"height":500,"caption":"admin7092"},"logo":{"@id":"https:\/\/naturellebienetre.fr\/#\/schema\/person\/image\/"},"sameAs":["http:\/\/naturellebienetre.fr"]}]}},"_links":{"self":[{"href":"https:\/\/naturellebienetre.fr\/index.php?rest_route=\/wp\/v2\/pages\/63","targetHints":{"allow":["GET"]}}],"collection":[{"href":"https:\/\/naturellebienetre.fr\/index.php?rest_route=\/wp\/v2\/pages"}],"about":[{"href":"https:\/\/naturellebienetre.fr\/index.php?rest_route=\/wp\/v2\/types\/page"}],"author":[{"embeddable":true,"href":"https:\/\/naturellebienetre.fr\/index.php?rest_route=\/wp\/v2\/users\/1"}],"replies":[{"embeddable":true,"href":"https:\/\/naturellebienetre.fr\/index.php?rest_route=%2Fwp%2Fv2%2Fcomments&post=63"}],"version-history":[{"count":7,"href":"https:\/\/naturellebienetre.fr\/index.php?rest_route=\/wp\/v2\/pages\/63\/revisions"}],"predecessor-version":[{"id":196,"href":"https:\/\/naturellebienetre.fr\/index.php?rest_route=\/wp\/v2\/pages\/63\/revisions\/196"}],"wp:attachment":[{"href":"https:\/\/naturellebienetre.fr\/index.php?rest_route=%2Fwp%2Fv2%2Fmedia&parent=63"}],"curies":[{"name":"wp","href":"https:\/\/api.w.org\/{rel}","templated":true}]}}