{"id":8,"date":"2022-05-11T16:59:29","date_gmt":"2022-05-11T14:59:29","guid":{"rendered":"http:\/\/naturellebienetre.fr\/?page_id=8"},"modified":"2023-03-11T19:07:57","modified_gmt":"2023-03-11T18:07:57","slug":"a-propos-de","status":"publish","type":"page","link":"https:\/\/naturellebienetre.fr\/?page_id=8","title":{"rendered":"\u00c0 propos de"},"content":{"rendered":"\n<figure class=\"wp-block-image size-large\"><img loading=\"lazy\" decoding=\"async\" width=\"1024\" height=\"682\" src=\"https:\/\/naturellebienetre.fr\/wp-content\/uploads\/2023\/03\/pc-1024x682.jpg\" alt=\"\" class=\"wp-image-282\" srcset=\"https:\/\/naturellebienetre.fr\/wp-content\/uploads\/2023\/03\/pc-1024x682.jpg 1024w, https:\/\/naturellebienetre.fr\/wp-content\/uploads\/2023\/03\/pc-300x200.jpg 300w, https:\/\/naturellebienetre.fr\/wp-content\/uploads\/2023\/03\/pc-768x512.jpg 768w, https:\/\/naturellebienetre.fr\/wp-content\/uploads\/2023\/03\/pc-1536x1023.jpg 1536w, https:\/\/naturellebienetre.fr\/wp-content\/uploads\/2023\/03\/pc-90x60.jpg 90w, https:\/\/naturellebienetre.fr\/wp-content\/uploads\/2023\/03\/pc-420x280.jpg 420w, https:\/\/naturellebienetre.fr\/wp-content\/uploads\/2023\/03\/pc.jpg 1920w\" sizes=\"auto, (max-width: 1024px) 100vw, 1024px\" \/><figcaption class=\"wp-element-caption\">consultations en naturopathie<\/figcaption><\/figure>\n\n\n\n<p>Naturopathe dans les Hauts de France ( j&#8217;ai suivi une formation certifiante valid\u00e9e en 2022), je prends en compte votre \u00eatre dans sa globalit\u00e9, de mani\u00e8re holistique. <\/p>\n\n\n\n<p><br>Je vous accompagne avec bienveillance vers votre mieux-\u00eatre physique, \u00e9motionnel, vers l\u2019adoption d\u2019un mode de vie sain et \u00e9quilibr\u00e9 qui vous veut du bien.<\/p>\n\n\n\n<p><br>Mon objectif est de pr\u00e9server et optimiser votre sant\u00e9 en permettant \u00e0 votre organisme de s\u2019auto-r\u00e9g\u00e9n\u00e9rer gr\u00e2ce \u00e0 l\u2019utilisation de moyens naturels.<\/p>\n\n\n\n<p><br>Le tout dans le respect de ce que vous \u00eates pr\u00eat \u00e0 mettre en place afin que vous puissiez devenir l\u2019acteur au quotidien de votre sant\u00e9.<\/p>\n\n\n\n<p>J\u2019ai \u00e0 ma disposition diff\u00e9rentes techniques naturelles que j\u2019adapte au plus juste de vos besoins : alimentation, phytoth\u00e9rapie, aromath\u00e9rapie, fleurs de Bach, techniques respiratoires\u2026<\/p>\n\n\n\n<p>Je me suis sp\u00e9cialis\u00e9e dans la gestion des \u00e9motions gr\u00e2ce aux fleurs de Bach. Je suis sp\u00e9cialis\u00e9e \u00e9galement dans le suivi au f\u00e9minin. Mais je propose \u00e9galement des accompagnements pour les enfants, les hommes, de 0 \u00e0 99 ans et plus!<\/p>\n\n\n\n<p>Je suis \u00e0 votre \u00e9coute, nous travaillons ensemble pour vous aider \u00e0 retrouver votre bien-\u00eatre physique et \u00e9motionnel. Nous faisons un travail d&#8217;\u00e9quipe. <\/p>\n\n\n\n<p>Chaque bilan est individuel et personnel. Apr\u00e8s la consultation, \u00e0 t\u00eate repos\u00e9e, je travaille sur votre accompagnement personnalis\u00e9 que je vous fais parvenir par mail sous 24\/48 heures. Si vous en avez besoin, nous faisons un point explicatif par t\u00e9l\u00e9phone ou en visio. <\/p>\n\n\n\n<p>Je r\u00e9alise les consultations uniquement \u00e0 distance, en visio ou par t\u00e9l\u00e9phone. Je me d\u00e9place dans les Hauts de France et alentour pour les formations et ateliers. <\/p>\n\n\n\n<h3 class=\"has-text-align-center wp-block-heading\">\u00ab La sant\u00e9 est notre bien le plus pr\u00e9cieux \u00bb<\/h3>\n\n\n\n<p class=\"has-text-align-center\"><em>Les conseils en\u00a0hygi\u00e8ne de vie\u00a0transmis \u00a0ne remplacent en aucun cas un\u00a0avis m\u00e9dical\u00a0ou la prise en charge par un autre\u00a0professionnel de sant\u00e9. Les compl\u00e9mentations naturelles conseill\u00e9es ne se substituent pas \u00e0 un \u00e9ventuel\u00a0traitement m\u00e9dical\u00a0en cours.<\/em><\/p>\n\n\n\n<div id=\"sb_instagram\"  class=\"sbi sbi_mob_col_1 sbi_tab_col_2 sbi_col_4 sbi_width_resp\" style=\"padding-bottom: 10px;\"\t data-feedid=\"*1\"  data-res=\"auto\" data-cols=\"4\" data-colsmobile=\"1\" data-colstablet=\"2\" data-num=\"20\" data-nummobile=\"20\" data-item-padding=\"5\"\t data-shortcode-atts=\"{&quot;feed&quot;:&quot;1&quot;}\"  data-postid=\"8\" data-locatornonce=\"3717b18e08\" data-imageaspectratio=\"1:1\" data-sbi-flags=\"favorLocal\">\n\t\n\t<div id=\"sbi_images\"  style=\"gap: 10px;\">\n\t\t\t<\/div>\n\n\t<div id=\"sbi_load\" >\n\n\t\n\t\t\t<span class=\"sbi_follow_btn sbi_custom\" >\n\t\t\t<a target=\"_blank\"\n\t\t\t\trel=\"nofollow noopener\"  href=\"https:\/\/www.instagram.com\/17841447723285988\/\" style=\"background: rgb(64,139,209);\">\n\t\t\t\t<svg class=\"svg-inline--fa fa-instagram fa-w-14\" aria-hidden=\"true\" data-fa-processed=\"\" aria-label=\"Instagram\" data-prefix=\"fab\" data-icon=\"instagram\" role=\"img\" viewBox=\"0 0 448 512\">\n                    <path fill=\"currentColor\" d=\"M224.1 141c-63.6 0-114.9 51.3-114.9 114.9s51.3 114.9 114.9 114.9S339 319.5 339 255.9 287.7 141 224.1 141zm0 189.6c-41.1 0-74.7-33.5-74.7-74.7s33.5-74.7 74.7-74.7 74.7 33.5 74.7 74.7-33.6 74.7-74.7 74.7zm146.4-194.3c0 14.9-12 26.8-26.8 26.8-14.9 0-26.8-12-26.8-26.8s12-26.8 26.8-26.8 26.8 12 26.8 26.8zm76.1 27.2c-1.7-35.9-9.9-67.7-36.2-93.9-26.2-26.2-58-34.4-93.9-36.2-37-2.1-147.9-2.1-184.9 0-35.8 1.7-67.6 9.9-93.9 36.1s-34.4 58-36.2 93.9c-2.1 37-2.1 147.9 0 184.9 1.7 35.9 9.9 67.7 36.2 93.9s58 34.4 93.9 36.2c37 2.1 147.9 2.1 184.9 0 35.9-1.7 67.7-9.9 93.9-36.2 26.2-26.2 34.4-58 36.2-93.9 2.1-37 2.1-147.8 0-184.8zM398.8 388c-7.8 19.6-22.9 34.7-42.6 42.6-29.5 11.7-99.5 9-132.1 9s-102.7 2.6-132.1-9c-19.6-7.8-34.7-22.9-42.6-42.6-11.7-29.5-9-99.5-9-132.1s-2.6-102.7 9-132.1c7.8-19.6 22.9-34.7 42.6-42.6 29.5-11.7 99.5-9 132.1-9s102.7-2.6 132.1 9c19.6 7.8 34.7 22.9 42.6 42.6 11.7 29.5 9 99.5 9 132.1s2.7 102.7-9 132.1z\"><\/path>\n                <\/svg>\t\t\t\t<span>Follow on Instagram<\/span>\n\t\t\t<\/a>\n\t\t<\/span>\n\t\n<\/div>\n\t\t<span class=\"sbi_resized_image_data\" data-feed-id=\"*1\"\n\t\t  data-resized=\"[]\">\n\t<\/span>\n\t<\/div>\n\n\n","protected":false},"excerpt":{"rendered":"<p>Naturopathe dans les Hauts de France, je prends en compte votre \u00eatre dans sa globalit\u00e9, de mani\u00e8re holistique.<\/p>\n","protected":false},"author":1,"featured_media":0,"parent":0,"menu_order":0,"comment_status":"closed","ping_status":"closed","template":"","meta":{"footnotes":""},"class_list":["post-8","page","type-page","status-publish","hentry","latest_post"],"yoast_head":"<!-- This site is optimized with the Yoast SEO plugin v20.2.1 - https:\/\/yoast.com\/wordpress\/plugins\/seo\/ -->\n<title>\u00c0 propos de - Approche holistique de la sant\u00e9<\/title>\n<meta name=\"robots\" content=\"index, follow, max-snippet:-1, max-image-preview:large, max-video-preview:-1\" \/>\n<link rel=\"canonical\" href=\"https:\/\/naturellebienetre.fr\/?page_id=8\" \/>\n<meta property=\"og:locale\" content=\"en_US\" \/>\n<meta property=\"og:type\" content=\"article\" \/>\n<meta property=\"og:title\" content=\"\u00c0 propos de - Approche holistique de la sant\u00e9\" \/>\n<meta property=\"og:description\" content=\"Naturopathe dans les Hauts de France, je prends en compte votre \u00eatre dans sa globalit\u00e9, de mani\u00e8re holistique.\" \/>\n<meta property=\"og:url\" content=\"https:\/\/naturellebienetre.fr\/?page_id=8\" \/>\n<meta property=\"og:site_name\" content=\"Approche holistique de la sant\u00e9\" \/>\n<meta property=\"article:modified_time\" content=\"2023-03-11T18:07:57+00:00\" \/>\n<meta property=\"og:image\" content=\"https:\/\/naturellebienetre.fr\/wp-content\/uploads\/2023\/03\/pc-1024x682.jpg\" \/>\n<meta name=\"twitter:card\" content=\"summary_large_image\" \/>\n<meta name=\"twitter:label1\" content=\"Est. reading time\" \/>\n\t<meta name=\"twitter:data1\" content=\"2 minutes\" \/>\n<script type=\"application\/ld+json\" class=\"yoast-schema-graph\">{\"@context\":\"https:\/\/schema.org\",\"@graph\":[{\"@type\":\"WebPage\",\"@id\":\"https:\/\/naturellebienetre.fr\/?page_id=8\",\"url\":\"https:\/\/naturellebienetre.fr\/?page_id=8\",\"name\":\"\u00c0 propos de - Approche holistique de la sant\u00e9\",\"isPartOf\":{\"@id\":\"https:\/\/naturellebienetre.fr\/#website\"},\"datePublished\":\"2022-05-11T14:59:29+00:00\",\"dateModified\":\"2023-03-11T18:07:57+00:00\",\"breadcrumb\":{\"@id\":\"https:\/\/naturellebienetre.fr\/?page_id=8#breadcrumb\"},\"inLanguage\":\"en-US\",\"potentialAction\":[{\"@type\":\"ReadAction\",\"target\":[\"https:\/\/naturellebienetre.fr\/?page_id=8\"]}]},{\"@type\":\"BreadcrumbList\",\"@id\":\"https:\/\/naturellebienetre.fr\/?page_id=8#breadcrumb\",\"itemListElement\":[{\"@type\":\"ListItem\",\"position\":1,\"name\":\"Accueil\",\"item\":\"https:\/\/naturellebienetre.fr\/\"},{\"@type\":\"ListItem\",\"position\":2,\"name\":\"\u00c0 propos de\"}]},{\"@type\":\"WebSite\",\"@id\":\"https:\/\/naturellebienetre.fr\/#website\",\"url\":\"https:\/\/naturellebienetre.fr\/\",\"name\":\"Approche holistique de la sant\u00e9 - naturopathie\",\"description\":\"Natur&#039;elle : naturopathie au f\u00e9minin\",\"publisher\":{\"@id\":\"https:\/\/naturellebienetre.fr\/#\/schema\/person\/48341cb16a43c80f0d8dccb26cd453f0\"},\"potentialAction\":[{\"@type\":\"SearchAction\",\"target\":{\"@type\":\"EntryPoint\",\"urlTemplate\":\"https:\/\/naturellebienetre.fr\/?s={search_term_string}\"},\"query-input\":\"required name=search_term_string\"}],\"inLanguage\":\"en-US\"},{\"@type\":[\"Person\",\"Organization\"],\"@id\":\"https:\/\/naturellebienetre.fr\/#\/schema\/person\/48341cb16a43c80f0d8dccb26cd453f0\",\"name\":\"admin7092\",\"image\":{\"@type\":\"ImageObject\",\"inLanguage\":\"en-US\",\"@id\":\"https:\/\/naturellebienetre.fr\/#\/schema\/person\/image\/\",\"url\":\"https:\/\/naturellebienetre.fr\/wp-content\/uploads\/2022\/05\/2.png\",\"contentUrl\":\"https:\/\/naturellebienetre.fr\/wp-content\/uploads\/2022\/05\/2.png\",\"width\":500,\"height\":500,\"caption\":\"admin7092\"},\"logo\":{\"@id\":\"https:\/\/naturellebienetre.fr\/#\/schema\/person\/image\/\"},\"sameAs\":[\"http:\/\/naturellebienetre.fr\"]}]}<\/script>\n<!-- \/ Yoast SEO plugin. -->","yoast_head_json":{"title":"\u00c0 propos de - Approche holistique de la sant\u00e9","robots":{"index":"index","follow":"follow","max-snippet":"max-snippet:-1","max-image-preview":"max-image-preview:large","max-video-preview":"max-video-preview:-1"},"canonical":"https:\/\/naturellebienetre.fr\/?page_id=8","og_locale":"en_US","og_type":"article","og_title":"\u00c0 propos de - Approche holistique de la sant\u00e9","og_description":"Naturopathe dans les Hauts de France, je prends en compte votre \u00eatre dans sa globalit\u00e9, de mani\u00e8re holistique.","og_url":"https:\/\/naturellebienetre.fr\/?page_id=8","og_site_name":"Approche holistique de la sant\u00e9","article_modified_time":"2023-03-11T18:07:57+00:00","og_image":[{"url":"https:\/\/naturellebienetre.fr\/wp-content\/uploads\/2023\/03\/pc-1024x682.jpg"}],"twitter_card":"summary_large_image","twitter_misc":{"Est. reading time":"2 minutes"},"schema":{"@context":"https:\/\/schema.org","@graph":[{"@type":"WebPage","@id":"https:\/\/naturellebienetre.fr\/?page_id=8","url":"https:\/\/naturellebienetre.fr\/?page_id=8","name":"\u00c0 propos de - Approche holistique de la sant\u00e9","isPartOf":{"@id":"https:\/\/naturellebienetre.fr\/#website"},"datePublished":"2022-05-11T14:59:29+00:00","dateModified":"2023-03-11T18:07:57+00:00","breadcrumb":{"@id":"https:\/\/naturellebienetre.fr\/?page_id=8#breadcrumb"},"inLanguage":"en-US","potentialAction":[{"@type":"ReadAction","target":["https:\/\/naturellebienetre.fr\/?page_id=8"]}]},{"@type":"BreadcrumbList","@id":"https:\/\/naturellebienetre.fr\/?page_id=8#breadcrumb","itemListElement":[{"@type":"ListItem","position":1,"name":"Accueil","item":"https:\/\/naturellebienetre.fr\/"},{"@type":"ListItem","position":2,"name":"\u00c0 propos de"}]},{"@type":"WebSite","@id":"https:\/\/naturellebienetre.fr\/#website","url":"https:\/\/naturellebienetre.fr\/","name":"Approche holistique de la sant\u00e9 - naturopathie","description":"Natur&#039;elle : naturopathie au f\u00e9minin","publisher":{"@id":"https:\/\/naturellebienetre.fr\/#\/schema\/person\/48341cb16a43c80f0d8dccb26cd453f0"},"potentialAction":[{"@type":"SearchAction","target":{"@type":"EntryPoint","urlTemplate":"https:\/\/naturellebienetre.fr\/?s={search_term_string}"},"query-input":"required name=search_term_string"}],"inLanguage":"en-US"},{"@type":["Person","Organization"],"@id":"https:\/\/naturellebienetre.fr\/#\/schema\/person\/48341cb16a43c80f0d8dccb26cd453f0","name":"admin7092","image":{"@type":"ImageObject","inLanguage":"en-US","@id":"https:\/\/naturellebienetre.fr\/#\/schema\/person\/image\/","url":"https:\/\/naturellebienetre.fr\/wp-content\/uploads\/2022\/05\/2.png","contentUrl":"https:\/\/naturellebienetre.fr\/wp-content\/uploads\/2022\/05\/2.png","width":500,"height":500,"caption":"admin7092"},"logo":{"@id":"https:\/\/naturellebienetre.fr\/#\/schema\/person\/image\/"},"sameAs":["http:\/\/naturellebienetre.fr"]}]}},"_links":{"self":[{"href":"https:\/\/naturellebienetre.fr\/index.php?rest_route=\/wp\/v2\/pages\/8","targetHints":{"allow":["GET"]}}],"collection":[{"href":"https:\/\/naturellebienetre.fr\/index.php?rest_route=\/wp\/v2\/pages"}],"about":[{"href":"https:\/\/naturellebienetre.fr\/index.php?rest_route=\/wp\/v2\/types\/page"}],"author":[{"embeddable":true,"href":"https:\/\/naturellebienetre.fr\/index.php?rest_route=\/wp\/v2\/users\/1"}],"replies":[{"embeddable":true,"href":"https:\/\/naturellebienetre.fr\/index.php?rest_route=%2Fwp%2Fv2%2Fcomments&post=8"}],"version-history":[{"count":9,"href":"https:\/\/naturellebienetre.fr\/index.php?rest_route=\/wp\/v2\/pages\/8\/revisions"}],"predecessor-version":[{"id":283,"href":"https:\/\/naturellebienetre.fr\/index.php?rest_route=\/wp\/v2\/pages\/8\/revisions\/283"}],"wp:attachment":[{"href":"https:\/\/naturellebienetre.fr\/index.php?rest_route=%2Fwp%2Fv2%2Fmedia&parent=8"}],"curies":[{"name":"wp","href":"https:\/\/api.w.org\/{rel}","templated":true}]}}