{"id":91,"date":"2022-05-16T22:50:06","date_gmt":"2022-05-16T20:50:06","guid":{"rendered":"http:\/\/naturellebienetre.fr\/?page_id=91"},"modified":"2022-05-23T16:20:20","modified_gmt":"2022-05-23T14:20:20","slug":"accueil","status":"publish","type":"page","link":"https:\/\/naturellebienetre.fr\/","title":{"rendered":"Accueil"},"content":{"rendered":"\n<p>La naturopathie et la vision holistique de la sant\u00e9 font partie des m\u00e9decines alternatives. Le terme &#8220;holistique&#8221; signifie que le corps est soign\u00e9 dans son int\u00e9gralit\u00e9, c&#8217;est-\u00e0-dire que la vision holistique de l&#8217;\u00eatre humain tient compte du physique, du mental, de l&#8217;\u00e9motionnel mais aussi des domaines familial, spirituel et culturel.<\/p>\n\n\n\n<figure class=\"wp-block-gallery has-nested-images columns-default is-cropped wp-block-gallery-1 is-layout-flex wp-block-gallery-is-layout-flex\">\n<figure class=\"wp-block-image size-large\"><img loading=\"lazy\" decoding=\"async\" width=\"1024\" height=\"768\" data-id=\"93\" src=\"https:\/\/naturellebienetre.fr\/wp-content\/uploads\/2022\/05\/jus--1024x768.jpg\" alt=\"\" class=\"wp-image-93\" srcset=\"https:\/\/naturellebienetre.fr\/wp-content\/uploads\/2022\/05\/jus--1024x768.jpg 1024w, https:\/\/naturellebienetre.fr\/wp-content\/uploads\/2022\/05\/jus--300x225.jpg 300w, https:\/\/naturellebienetre.fr\/wp-content\/uploads\/2022\/05\/jus--768x576.jpg 768w, https:\/\/naturellebienetre.fr\/wp-content\/uploads\/2022\/05\/jus--1536x1152.jpg 1536w, https:\/\/naturellebienetre.fr\/wp-content\/uploads\/2022\/05\/jus--80x60.jpg 80w, https:\/\/naturellebienetre.fr\/wp-content\/uploads\/2022\/05\/jus-.jpg 1920w\" sizes=\"auto, (max-width: 1024px) 100vw, 1024px\" \/><figcaption>micro nutrition<\/figcaption><\/figure>\n\n\n\n<figure class=\"wp-block-image size-large\"><img loading=\"lazy\" decoding=\"async\" width=\"1920\" height=\"1309\" data-id=\"97\" src=\"https:\/\/naturellebienetre.fr\/wp-content\/uploads\/2022\/05\/champs-de-lavande.jpg\" alt=\"\" class=\"wp-image-97\" srcset=\"https:\/\/naturellebienetre.fr\/wp-content\/uploads\/2022\/05\/champs-de-lavande.jpg 1920w, https:\/\/naturellebienetre.fr\/wp-content\/uploads\/2022\/05\/champs-de-lavande-300x205.jpg 300w, https:\/\/naturellebienetre.fr\/wp-content\/uploads\/2022\/05\/champs-de-lavande-1024x698.jpg 1024w, https:\/\/naturellebienetre.fr\/wp-content\/uploads\/2022\/05\/champs-de-lavande-768x524.jpg 768w, https:\/\/naturellebienetre.fr\/wp-content\/uploads\/2022\/05\/champs-de-lavande-1536x1047.jpg 1536w, https:\/\/naturellebienetre.fr\/wp-content\/uploads\/2022\/05\/champs-de-lavande-88x60.jpg 88w\" sizes=\"auto, (max-width: 1920px) 100vw, 1920px\" \/><figcaption>bien \u00eatre<\/figcaption><\/figure>\n\n\n\n<figure class=\"wp-block-image size-large\"><img loading=\"lazy\" decoding=\"async\" width=\"700\" height=\"466\" data-id=\"54\" src=\"https:\/\/naturellebienetre.fr\/wp-content\/uploads\/2022\/05\/traitement-naturo.jpg\" alt=\"\" class=\"wp-image-54\" srcset=\"https:\/\/naturellebienetre.fr\/wp-content\/uploads\/2022\/05\/traitement-naturo.jpg 700w, https:\/\/naturellebienetre.fr\/wp-content\/uploads\/2022\/05\/traitement-naturo-300x200.jpg 300w, https:\/\/naturellebienetre.fr\/wp-content\/uploads\/2022\/05\/traitement-naturo-90x60.jpg 90w, https:\/\/naturellebienetre.fr\/wp-content\/uploads\/2022\/05\/traitement-naturo-420x280.jpg 420w\" sizes=\"auto, (max-width: 700px) 100vw, 700px\" \/><figcaption>aromath\u00e9rapie<\/figcaption><\/figure>\n\n\n\n<figure class=\"wp-block-image size-large\"><img loading=\"lazy\" decoding=\"async\" width=\"1920\" height=\"1333\" data-id=\"94\" src=\"https:\/\/naturellebienetre.fr\/wp-content\/uploads\/2022\/05\/tisane.jpg\" alt=\"\" class=\"wp-image-94\" srcset=\"https:\/\/naturellebienetre.fr\/wp-content\/uploads\/2022\/05\/tisane.jpg 1920w, https:\/\/naturellebienetre.fr\/wp-content\/uploads\/2022\/05\/tisane-300x208.jpg 300w, https:\/\/naturellebienetre.fr\/wp-content\/uploads\/2022\/05\/tisane-1024x711.jpg 1024w, https:\/\/naturellebienetre.fr\/wp-content\/uploads\/2022\/05\/tisane-768x533.jpg 768w, https:\/\/naturellebienetre.fr\/wp-content\/uploads\/2022\/05\/tisane-1536x1066.jpg 1536w, https:\/\/naturellebienetre.fr\/wp-content\/uploads\/2022\/05\/tisane-86x60.jpg 86w\" sizes=\"auto, (max-width: 1920px) 100vw, 1920px\" \/><figcaption>phytoth\u00e9rapie&nbsp;<\/figcaption><\/figure>\n\n\n\n<figure class=\"wp-block-image size-large\"><img loading=\"lazy\" decoding=\"async\" width=\"1920\" height=\"1306\" data-id=\"96\" src=\"https:\/\/naturellebienetre.fr\/wp-content\/uploads\/2022\/05\/assiette.jpg\" alt=\"\" class=\"wp-image-96\" srcset=\"https:\/\/naturellebienetre.fr\/wp-content\/uploads\/2022\/05\/assiette.jpg 1920w, https:\/\/naturellebienetre.fr\/wp-content\/uploads\/2022\/05\/assiette-300x204.jpg 300w, https:\/\/naturellebienetre.fr\/wp-content\/uploads\/2022\/05\/assiette-1024x697.jpg 1024w, https:\/\/naturellebienetre.fr\/wp-content\/uploads\/2022\/05\/assiette-768x522.jpg 768w, https:\/\/naturellebienetre.fr\/wp-content\/uploads\/2022\/05\/assiette-1536x1045.jpg 1536w, https:\/\/naturellebienetre.fr\/wp-content\/uploads\/2022\/05\/assiette-88x60.jpg 88w\" sizes=\"auto, (max-width: 1920px) 100vw, 1920px\" \/><figcaption>alimentation saine<\/figcaption><\/figure>\n<\/figure>\n\n\n\n<p class=\"has-text-align-center has-text-color has-medium-font-size\" style=\"color:#096644\"><strong>La naturopathie est l&#8217;art de rester en bonne sant\u00e9, d&#8217;\u00eatre acteur de sa sant\u00e9, de se soigner avec les bienfaits de la Nature.<\/strong><\/p>\n\n\n\n<p><\/p>\n\n\n\n<p class=\"has-text-align-center\"><em>Les conseils en&nbsp;hygi\u00e8ne de vie&nbsp;transmis &nbsp;ne remplacent en aucun cas un&nbsp;avis m\u00e9dical&nbsp;ou la prise en charge par un autre&nbsp;professionnel de sant\u00e9. Les compl\u00e9mentations naturelles conseill\u00e9es ne se substituent pas \u00e0 un \u00e9ventuel&nbsp;traitement m\u00e9dical&nbsp;en cours.<\/em><\/p>\n","protected":false},"excerpt":{"rendered":"<p>La naturopathie et la vision holistique de la sant\u00e9 font partie des m\u00e9decines alternatives. Le terme &#8220;holistique&#8221; signifie que le corps est soign\u00e9 dans son int\u00e9gralit\u00e9, c&#8217;est-\u00e0-dire que la vision holistique de l&#8217;\u00eatre humain tient compte du physique, du mental, de l&#8217;\u00e9motionnel mais aussi des domaines familial, spirituel et culturel. &hellip; <\/p>\n","protected":false},"author":1,"featured_media":0,"parent":0,"menu_order":0,"comment_status":"closed","ping_status":"closed","template":"","meta":{"footnotes":""},"class_list":["post-91","page","type-page","status-publish","hentry","latest_post"],"yoast_head":"<!-- This site is optimized with the Yoast SEO plugin v20.2.1 - https:\/\/yoast.com\/wordpress\/plugins\/seo\/ -->\n<title>Accueil - Approche holistique de la sant\u00e9<\/title>\n<meta name=\"robots\" content=\"index, follow, max-snippet:-1, max-image-preview:large, max-video-preview:-1\" \/>\n<link rel=\"canonical\" href=\"https:\/\/naturellebienetre.fr\/\" \/>\n<meta property=\"og:locale\" content=\"en_US\" \/>\n<meta property=\"og:type\" content=\"article\" \/>\n<meta property=\"og:title\" content=\"Accueil - Approche holistique de la sant\u00e9\" \/>\n<meta property=\"og:description\" content=\"La naturopathie et la vision holistique de la sant\u00e9 font partie des m\u00e9decines alternatives. Le terme &#8220;holistique&#8221; signifie que le corps est soign\u00e9 dans son int\u00e9gralit\u00e9, c&#8217;est-\u00e0-dire que la vision holistique de l&#8217;\u00eatre humain tient compte du physique, du mental, de l&#8217;\u00e9motionnel mais aussi des domaines familial, spirituel et culturel. &hellip;\" \/>\n<meta property=\"og:url\" content=\"https:\/\/naturellebienetre.fr\/\" \/>\n<meta property=\"og:site_name\" content=\"Approche holistique de la sant\u00e9\" \/>\n<meta property=\"article:modified_time\" content=\"2022-05-23T14:20:20+00:00\" \/>\n<meta property=\"og:image\" content=\"http:\/\/naturellebienetre.fr\/wp-content\/uploads\/2022\/05\/jus--1024x768.jpg\" \/>\n<meta name=\"twitter:card\" content=\"summary_large_image\" \/>\n<meta name=\"twitter:label1\" content=\"Est. reading time\" \/>\n\t<meta name=\"twitter:data1\" content=\"1 minute\" \/>\n<script type=\"application\/ld+json\" class=\"yoast-schema-graph\">{\"@context\":\"https:\/\/schema.org\",\"@graph\":[{\"@type\":\"WebPage\",\"@id\":\"https:\/\/naturellebienetre.fr\/\",\"url\":\"https:\/\/naturellebienetre.fr\/\",\"name\":\"Accueil - Approche holistique de la sant\u00e9\",\"isPartOf\":{\"@id\":\"https:\/\/naturellebienetre.fr\/#website\"},\"datePublished\":\"2022-05-16T20:50:06+00:00\",\"dateModified\":\"2022-05-23T14:20:20+00:00\",\"breadcrumb\":{\"@id\":\"https:\/\/naturellebienetre.fr\/#breadcrumb\"},\"inLanguage\":\"en-US\",\"potentialAction\":[{\"@type\":\"ReadAction\",\"target\":[\"https:\/\/naturellebienetre.fr\/\"]}]},{\"@type\":\"BreadcrumbList\",\"@id\":\"https:\/\/naturellebienetre.fr\/#breadcrumb\",\"itemListElement\":[{\"@type\":\"ListItem\",\"position\":1,\"name\":\"Accueil\",\"item\":\"https:\/\/naturellebienetre.fr\/\"},{\"@type\":\"ListItem\",\"position\":2,\"name\":\"Accueil\"}]},{\"@type\":\"WebSite\",\"@id\":\"https:\/\/naturellebienetre.fr\/#website\",\"url\":\"https:\/\/naturellebienetre.fr\/\",\"name\":\"Approche holistique de la sant\u00e9 - naturopathie\",\"description\":\"Natur&#039;elle : naturopathie au f\u00e9minin\",\"publisher\":{\"@id\":\"https:\/\/naturellebienetre.fr\/#\/schema\/person\/48341cb16a43c80f0d8dccb26cd453f0\"},\"potentialAction\":[{\"@type\":\"SearchAction\",\"target\":{\"@type\":\"EntryPoint\",\"urlTemplate\":\"https:\/\/naturellebienetre.fr\/?s={search_term_string}\"},\"query-input\":\"required name=search_term_string\"}],\"inLanguage\":\"en-US\"},{\"@type\":[\"Person\",\"Organization\"],\"@id\":\"https:\/\/naturellebienetre.fr\/#\/schema\/person\/48341cb16a43c80f0d8dccb26cd453f0\",\"name\":\"admin7092\",\"image\":{\"@type\":\"ImageObject\",\"inLanguage\":\"en-US\",\"@id\":\"https:\/\/naturellebienetre.fr\/#\/schema\/person\/image\/\",\"url\":\"https:\/\/naturellebienetre.fr\/wp-content\/uploads\/2022\/05\/2.png\",\"contentUrl\":\"https:\/\/naturellebienetre.fr\/wp-content\/uploads\/2022\/05\/2.png\",\"width\":500,\"height\":500,\"caption\":\"admin7092\"},\"logo\":{\"@id\":\"https:\/\/naturellebienetre.fr\/#\/schema\/person\/image\/\"},\"sameAs\":[\"http:\/\/naturellebienetre.fr\"]}]}<\/script>\n<!-- \/ Yoast SEO plugin. -->","yoast_head_json":{"title":"Accueil - Approche holistique de la sant\u00e9","robots":{"index":"index","follow":"follow","max-snippet":"max-snippet:-1","max-image-preview":"max-image-preview:large","max-video-preview":"max-video-preview:-1"},"canonical":"https:\/\/naturellebienetre.fr\/","og_locale":"en_US","og_type":"article","og_title":"Accueil - Approche holistique de la sant\u00e9","og_description":"La naturopathie et la vision holistique de la sant\u00e9 font partie des m\u00e9decines alternatives. Le terme &#8220;holistique&#8221; signifie que le corps est soign\u00e9 dans son int\u00e9gralit\u00e9, c&#8217;est-\u00e0-dire que la vision holistique de l&#8217;\u00eatre humain tient compte du physique, du mental, de l&#8217;\u00e9motionnel mais aussi des domaines familial, spirituel et culturel. &hellip;","og_url":"https:\/\/naturellebienetre.fr\/","og_site_name":"Approche holistique de la sant\u00e9","article_modified_time":"2022-05-23T14:20:20+00:00","og_image":[{"url":"http:\/\/naturellebienetre.fr\/wp-content\/uploads\/2022\/05\/jus--1024x768.jpg"}],"twitter_card":"summary_large_image","twitter_misc":{"Est. reading time":"1 minute"},"schema":{"@context":"https:\/\/schema.org","@graph":[{"@type":"WebPage","@id":"https:\/\/naturellebienetre.fr\/","url":"https:\/\/naturellebienetre.fr\/","name":"Accueil - Approche holistique de la sant\u00e9","isPartOf":{"@id":"https:\/\/naturellebienetre.fr\/#website"},"datePublished":"2022-05-16T20:50:06+00:00","dateModified":"2022-05-23T14:20:20+00:00","breadcrumb":{"@id":"https:\/\/naturellebienetre.fr\/#breadcrumb"},"inLanguage":"en-US","potentialAction":[{"@type":"ReadAction","target":["https:\/\/naturellebienetre.fr\/"]}]},{"@type":"BreadcrumbList","@id":"https:\/\/naturellebienetre.fr\/#breadcrumb","itemListElement":[{"@type":"ListItem","position":1,"name":"Accueil","item":"https:\/\/naturellebienetre.fr\/"},{"@type":"ListItem","position":2,"name":"Accueil"}]},{"@type":"WebSite","@id":"https:\/\/naturellebienetre.fr\/#website","url":"https:\/\/naturellebienetre.fr\/","name":"Approche holistique de la sant\u00e9 - naturopathie","description":"Natur&#039;elle : naturopathie au f\u00e9minin","publisher":{"@id":"https:\/\/naturellebienetre.fr\/#\/schema\/person\/48341cb16a43c80f0d8dccb26cd453f0"},"potentialAction":[{"@type":"SearchAction","target":{"@type":"EntryPoint","urlTemplate":"https:\/\/naturellebienetre.fr\/?s={search_term_string}"},"query-input":"required name=search_term_string"}],"inLanguage":"en-US"},{"@type":["Person","Organization"],"@id":"https:\/\/naturellebienetre.fr\/#\/schema\/person\/48341cb16a43c80f0d8dccb26cd453f0","name":"admin7092","image":{"@type":"ImageObject","inLanguage":"en-US","@id":"https:\/\/naturellebienetre.fr\/#\/schema\/person\/image\/","url":"https:\/\/naturellebienetre.fr\/wp-content\/uploads\/2022\/05\/2.png","contentUrl":"https:\/\/naturellebienetre.fr\/wp-content\/uploads\/2022\/05\/2.png","width":500,"height":500,"caption":"admin7092"},"logo":{"@id":"https:\/\/naturellebienetre.fr\/#\/schema\/person\/image\/"},"sameAs":["http:\/\/naturellebienetre.fr"]}]}},"_links":{"self":[{"href":"https:\/\/naturellebienetre.fr\/index.php?rest_route=\/wp\/v2\/pages\/91","targetHints":{"allow":["GET"]}}],"collection":[{"href":"https:\/\/naturellebienetre.fr\/index.php?rest_route=\/wp\/v2\/pages"}],"about":[{"href":"https:\/\/naturellebienetre.fr\/index.php?rest_route=\/wp\/v2\/types\/page"}],"author":[{"embeddable":true,"href":"https:\/\/naturellebienetre.fr\/index.php?rest_route=\/wp\/v2\/users\/1"}],"replies":[{"embeddable":true,"href":"https:\/\/naturellebienetre.fr\/index.php?rest_route=%2Fwp%2Fv2%2Fcomments&post=91"}],"version-history":[{"count":10,"href":"https:\/\/naturellebienetre.fr\/index.php?rest_route=\/wp\/v2\/pages\/91\/revisions"}],"predecessor-version":[{"id":188,"href":"https:\/\/naturellebienetre.fr\/index.php?rest_route=\/wp\/v2\/pages\/91\/revisions\/188"}],"wp:attachment":[{"href":"https:\/\/naturellebienetre.fr\/index.php?rest_route=%2Fwp%2Fv2%2Fmedia&parent=91"}],"curies":[{"name":"wp","href":"https:\/\/api.w.org\/{rel}","templated":true}]}}